{"id":359,"date":"2023-10-11T06:59:31","date_gmt":"2023-10-11T06:59:31","guid":{"rendered":"https:\/\/avoorg.com\/nosotros"},"modified":"2023-10-23T09:33:09","modified_gmt":"2023-10-23T09:33:09","slug":"about-us","status":"publish","type":"page","link":"https:\/\/avoorg.com\/en\/about-us","title":{"rendered":"ABOUT US"},"content":{"rendered":"<p>[et_pb_section fb_built=&#8221;1&#8243; _builder_version=&#8221;4.16&#8243; custom_padding=&#8221;0|0px|0|0px|false|false&#8221; global_colors_info=&#8221;{}&#8221;][et_pb_row _builder_version=&#8221;4.22.2&#8243; custom_padding=&#8221;0|0px|0|0px|false|false&#8221; global_colors_info=&#8221;{}&#8221;][et_pb_column type=&#8221;4_4&#8243; _builder_version=&#8221;4.16&#8243; custom_padding=&#8221;|||&#8221; global_colors_info=&#8221;{}&#8221; custom_padding__hover=&#8221;|||&#8221;][et_pb_cta button_text=&#8221;Click Here&#8221; _builder_version=&#8221;4.23&#8243; header_font=&#8221;Yeseva One||||||||&#8221; body_font=&#8221;Montserrat||||||||&#8221; body_font_size=&#8221;17px&#8221; custom_margin=&#8221;||128px|||&#8221; custom_padding=&#8221;||5px|||&#8221; inline_fonts=&#8221;Arial&#8221; global_colors_info=&#8221;{}&#8221; button_text_size__hover_enabled=&#8221;off&#8221; button_one_text_size__hover_enabled=&#8221;off&#8221; button_two_text_size__hover_enabled=&#8221;off&#8221; button_text_color__hover_enabled=&#8221;off&#8221; button_one_text_color__hover_enabled=&#8221;off&#8221; button_two_text_color__hover_enabled=&#8221;off&#8221; button_border_width__hover_enabled=&#8221;off&#8221; button_one_border_width__hover_enabled=&#8221;off&#8221; button_two_border_width__hover_enabled=&#8221;off&#8221; button_border_color__hover_enabled=&#8221;off&#8221; button_one_border_color__hover_enabled=&#8221;off&#8221; button_two_border_color__hover_enabled=&#8221;off&#8221; button_border_radius__hover_enabled=&#8221;off&#8221; button_one_border_radius__hover_enabled=&#8221;off&#8221; button_two_border_radius__hover_enabled=&#8221;off&#8221; button_letter_spacing__hover_enabled=&#8221;off&#8221; button_one_letter_spacing__hover_enabled=&#8221;off&#8221; button_two_letter_spacing__hover_enabled=&#8221;off&#8221; button_bg_color__hover_enabled=&#8221;off&#8221; button_one_bg_color__hover_enabled=&#8221;off&#8221; button_two_bg_color__hover_enabled=&#8221;off&#8221;]<\/p>\n<p>Oksanafran S.L.\u00a0 is a young company, which has the experience of Francisco\u00a0 who after a great journey and experience in the business sector in the world of organic production of avocado hass decided to undertake in 2017 with his wife Oksana, creating a family business dedicated to the sector of HASS AVOCADO, working with the main raw material for the production of HASS AVOCADO, with the EXPORT OF AVOCADO.<\/p>\n<p>[\/et_pb_cta][\/et_pb_column][\/et_pb_row][et_pb_row _builder_version=&#8221;4.16&#8243; custom_padding=&#8221;0|0px|0|0px|false|false&#8221; global_colors_info=&#8221;{}&#8221;][et_pb_column type=&#8221;4_4&#8243; _builder_version=&#8221;4.16&#8243; custom_padding=&#8221;|||&#8221; global_colors_info=&#8221;{}&#8221; custom_padding__hover=&#8221;|||&#8221;][et_pb_image src=&#8221;https:\/\/avoorg.com\/wp-content\/uploads\/2023\/10\/WhatsApp-Image-2023-10-04-at-11.41.59.jpeg&#8221; title_text=&#8221;WhatsApp Image 2023-10-04 at 11.41.59&#8243; show_bottom_space=&#8221;off&#8221; align_tablet=&#8221;center&#8221; align_phone=&#8221;center&#8221; align_last_edited=&#8221;on|desktop&#8221; _builder_version=&#8221;4.22.2&#8243; min_height=&#8221;100px&#8221; custom_margin=&#8221;-129px|||||&#8221; custom_padding=&#8221;0px||0px|||&#8221; global_colors_info=&#8221;{}&#8221;]<\/p>\n<p style=\"text-align: center;\"><span style=\"font-size: x-large;\">\u00a0 \u00a0 \u00a0<\/span><\/p>\n<p style=\"text-align: center;\"><span style=\"font-size: x-large;\">Nos encontramos en el T\u00e9rmino Municipal de El Burgo, enclavado en el P.N. Sierra de las Nieves, por tanto tenemos un olivar cultivado en un h\u00e1bitat de monta\u00f1a, adaptado a per\u00edodos largos de sequ\u00eda, este hecho favorece el desarrollo de una mayor cantidad de polifenoles y antioxidantes naturales, que hacen que nuestro Aceite de Oliva Virgen Extra Burgoliva, posea un sabor que resulta ser un regalo para la salud y los sentidos de sus consumidores.<\/span><\/p>\n<p style=\"text-align: center;\"><span style=\"font-size: x-large;\">\u00a0<\/span><\/p>\n<h1><span style=\"font-size: x-large;\"><strong><span style=\"font-family: inherit;\"><em>Cuidamos cada proceso de elaboraci\u00f3n con el fin de ofrecer el mejor producto con la m\u00e1xima calidad.<\/em><\/span><\/strong><\/span><\/h1>\n<p>&nbsp;<\/p>\n<p>&nbsp;<\/p>\n<p>[\/et_pb_image][et_pb_text _builder_version=&#8221;4.23&#8243; text_font=&#8221;Montserrat||||||||&#8221; text_text_color=&#8221;#000000&#8243; text_font_size=&#8221;16px&#8221; custom_margin=&#8221;-2px||23px|||&#8221; custom_padding=&#8221;31px|||||&#8221; hover_enabled=&#8221;0&#8243; global_colors_info=&#8221;{}&#8221; sticky_enabled=&#8221;0&#8243;]<\/p>\n<p style=\"text-align: center;\">Our production lands of our HASS AVOCADO are within the Guadiaro Valley and Genal Valley. Which are within the provinces of Malaga and Cadiz, in Andalusia-Spain.<\/p>\n<p style=\"text-align: center;\">First of all, temperature plays a crucial role in the development of our Hass avocado. This type of avocado prefers warm climates with temperatures between 20 and 30 degrees Celsius. In addition, it is important that there is a minimum temperature oscillation, as abrupt changes can negatively affect the growth and quality of the fruit.<\/p>\n<p style=\"text-align: center;\">Altitude also plays a key role in the successful production of Hass avocados. It is recommended to grow them at suitable altitudes above sea level. These altitudes provide ideal conditions in terms of temperature and sunlight for high quality fruit.<\/p>\n<p style=\"text-align: center;\">In addition to climate and altitude, the soil must also be carefully considered to ensure good Hass avocado production. The soil must have a good drainage capacity to avoid problems such as excessive water accumulation that can damage the roots. A soil rich in nutrients is also important to promote good growth and development, as well as offering in our production fields a MICROCLIMATE SYSTEM for your best production.<\/p>\n<p dir=\"auto\" style=\"text-align: center;\">[\/et_pb_text][et_pb_image src=&#8221;https:\/\/avoorg.com\/wp-content\/uploads\/2023\/10\/WhatsApp-Image-2023-10-04-at-08.45.57-1.jpeg&#8221; title_text=&#8221;WhatsApp Image 2023-10-04 at 08.45.57 (1)&#8221; align_tablet=&#8221;center&#8221; align_phone=&#8221;center&#8221; align_last_edited=&#8221;on|desktop&#8221; _builder_version=&#8221;4.22.2&#8243; global_colors_info=&#8221;{}&#8221;][\/et_pb_image][et_pb_text _builder_version=&#8221;4.22.2&#8243; _module_preset=&#8221;default&#8221; global_colors_info=&#8221;{}&#8221;][\/et_pb_text][\/et_pb_column][\/et_pb_row][\/et_pb_section]<\/p>\n","protected":false},"excerpt":{"rendered":"<p>Oksanafran S.L.\u00a0 is a young company, which has the experience of Francisco\u00a0 who after a great journey and experience in the business sector in the world of organic production of avocado hass decided to undertake in 2017 with his wife Oksana, creating a family business dedicated to the sector of HASS AVOCADO, working with the [&hellip;]<\/p>\n","protected":false},"author":1,"featured_media":0,"parent":0,"menu_order":0,"comment_status":"closed","ping_status":"closed","template":"","meta":{"_et_pb_use_builder":"on","_et_pb_old_content":"","_et_gb_content_width":"","footnotes":""},"class_list":["post-359","page","type-page","status-publish","hentry"],"yoast_head":"<!-- This site is optimized with the Yoast SEO plugin v22.4 - https:\/\/yoast.com\/wordpress\/plugins\/seo\/ -->\n<title>ABOUT US - AVOORG<\/title>\n<meta name=\"robots\" content=\"index, follow, max-snippet:-1, max-image-preview:large, max-video-preview:-1\" \/>\n<link rel=\"canonical\" href=\"https:\/\/avoorg.com\/en\/about-us\" \/>\n<meta property=\"og:locale\" content=\"en_US\" \/>\n<meta property=\"og:type\" content=\"article\" \/>\n<meta property=\"og:title\" content=\"ABOUT US - AVOORG\" \/>\n<meta property=\"og:description\" content=\"Oksanafran S.L.\u00a0 is a young company, which has the experience of Francisco\u00a0 who after a great journey and experience in the business sector in the world of organic production of avocado hass decided to undertake in 2017 with his wife Oksana, creating a family business dedicated to the sector of HASS AVOCADO, working with the [&hellip;]\" \/>\n<meta property=\"og:url\" content=\"https:\/\/avoorg.com\/en\/about-us\" \/>\n<meta property=\"og:site_name\" content=\"AVOORG\" \/>\n<meta property=\"article:modified_time\" content=\"2023-10-23T09:33:09+00:00\" \/>\n<meta name=\"twitter:card\" content=\"summary_large_image\" \/>\n<meta name=\"twitter:label1\" content=\"Est. reading time\" \/>\n\t<meta name=\"twitter:data1\" content=\"3 minutes\" \/>\n<script type=\"application\/ld+json\" class=\"yoast-schema-graph\">{\"@context\":\"https:\/\/schema.org\",\"@graph\":[{\"@type\":\"WebPage\",\"@id\":\"https:\/\/avoorg.com\/en\/about-us\",\"url\":\"https:\/\/avoorg.com\/en\/about-us\",\"name\":\"ABOUT US - AVOORG\",\"isPartOf\":{\"@id\":\"https:\/\/avoorg.com\/#website\"},\"datePublished\":\"2023-10-11T06:59:31+00:00\",\"dateModified\":\"2023-10-23T09:33:09+00:00\",\"breadcrumb\":{\"@id\":\"https:\/\/avoorg.com\/en\/about-us#breadcrumb\"},\"inLanguage\":\"en-US\",\"potentialAction\":[{\"@type\":\"ReadAction\",\"target\":[\"https:\/\/avoorg.com\/en\/about-us\"]}]},{\"@type\":\"BreadcrumbList\",\"@id\":\"https:\/\/avoorg.com\/en\/about-us#breadcrumb\",\"itemListElement\":[{\"@type\":\"ListItem\",\"position\":1,\"name\":\"Portada\",\"item\":\"https:\/\/avoorg.com\/en\"},{\"@type\":\"ListItem\",\"position\":2,\"name\":\"ABOUT US\"}]},{\"@type\":\"WebSite\",\"@id\":\"https:\/\/avoorg.com\/#website\",\"url\":\"https:\/\/avoorg.com\/\",\"name\":\"AVOORG\",\"description\":\"EXPORTACION DE AGUACATES HASS\",\"publisher\":{\"@id\":\"https:\/\/avoorg.com\/#organization\"},\"potentialAction\":[{\"@type\":\"SearchAction\",\"target\":{\"@type\":\"EntryPoint\",\"urlTemplate\":\"https:\/\/avoorg.com\/?s={search_term_string}\"},\"query-input\":\"required name=search_term_string\"}],\"inLanguage\":\"en-US\"},{\"@type\":\"Organization\",\"@id\":\"https:\/\/avoorg.com\/#organization\",\"name\":\"AVOORG\",\"url\":\"https:\/\/avoorg.com\/\",\"logo\":{\"@type\":\"ImageObject\",\"inLanguage\":\"en-US\",\"@id\":\"https:\/\/avoorg.com\/#\/schema\/logo\/image\/\",\"url\":\"https:\/\/avoorg.com\/wp-content\/uploads\/2023\/10\/LOGOSINFONDO-1.png\",\"contentUrl\":\"https:\/\/avoorg.com\/wp-content\/uploads\/2023\/10\/LOGOSINFONDO-1.png\",\"width\":500,\"height\":230,\"caption\":\"AVOORG\"},\"image\":{\"@id\":\"https:\/\/avoorg.com\/#\/schema\/logo\/image\/\"}}]}<\/script>\n<!-- \/ Yoast SEO plugin. -->","yoast_head_json":{"title":"ABOUT US - AVOORG","robots":{"index":"index","follow":"follow","max-snippet":"max-snippet:-1","max-image-preview":"max-image-preview:large","max-video-preview":"max-video-preview:-1"},"canonical":"https:\/\/avoorg.com\/en\/about-us","og_locale":"en_US","og_type":"article","og_title":"ABOUT US - AVOORG","og_description":"Oksanafran S.L.\u00a0 is a young company, which has the experience of Francisco\u00a0 who after a great journey and experience in the business sector in the world of organic production of avocado hass decided to undertake in 2017 with his wife Oksana, creating a family business dedicated to the sector of HASS AVOCADO, working with the [&hellip;]","og_url":"https:\/\/avoorg.com\/en\/about-us","og_site_name":"AVOORG","article_modified_time":"2023-10-23T09:33:09+00:00","twitter_card":"summary_large_image","twitter_misc":{"Est. reading time":"3 minutes"},"schema":{"@context":"https:\/\/schema.org","@graph":[{"@type":"WebPage","@id":"https:\/\/avoorg.com\/en\/about-us","url":"https:\/\/avoorg.com\/en\/about-us","name":"ABOUT US - AVOORG","isPartOf":{"@id":"https:\/\/avoorg.com\/#website"},"datePublished":"2023-10-11T06:59:31+00:00","dateModified":"2023-10-23T09:33:09+00:00","breadcrumb":{"@id":"https:\/\/avoorg.com\/en\/about-us#breadcrumb"},"inLanguage":"en-US","potentialAction":[{"@type":"ReadAction","target":["https:\/\/avoorg.com\/en\/about-us"]}]},{"@type":"BreadcrumbList","@id":"https:\/\/avoorg.com\/en\/about-us#breadcrumb","itemListElement":[{"@type":"ListItem","position":1,"name":"Portada","item":"https:\/\/avoorg.com\/en"},{"@type":"ListItem","position":2,"name":"ABOUT US"}]},{"@type":"WebSite","@id":"https:\/\/avoorg.com\/#website","url":"https:\/\/avoorg.com\/","name":"AVOORG","description":"EXPORTACION DE AGUACATES HASS","publisher":{"@id":"https:\/\/avoorg.com\/#organization"},"potentialAction":[{"@type":"SearchAction","target":{"@type":"EntryPoint","urlTemplate":"https:\/\/avoorg.com\/?s={search_term_string}"},"query-input":"required name=search_term_string"}],"inLanguage":"en-US"},{"@type":"Organization","@id":"https:\/\/avoorg.com\/#organization","name":"AVOORG","url":"https:\/\/avoorg.com\/","logo":{"@type":"ImageObject","inLanguage":"en-US","@id":"https:\/\/avoorg.com\/#\/schema\/logo\/image\/","url":"https:\/\/avoorg.com\/wp-content\/uploads\/2023\/10\/LOGOSINFONDO-1.png","contentUrl":"https:\/\/avoorg.com\/wp-content\/uploads\/2023\/10\/LOGOSINFONDO-1.png","width":500,"height":230,"caption":"AVOORG"},"image":{"@id":"https:\/\/avoorg.com\/#\/schema\/logo\/image\/"}}]}},"_links":{"self":[{"href":"https:\/\/avoorg.com\/en\/wp-json\/wp\/v2\/pages\/359","targetHints":{"allow":["GET"]}}],"collection":[{"href":"https:\/\/avoorg.com\/en\/wp-json\/wp\/v2\/pages"}],"about":[{"href":"https:\/\/avoorg.com\/en\/wp-json\/wp\/v2\/types\/page"}],"author":[{"embeddable":true,"href":"https:\/\/avoorg.com\/en\/wp-json\/wp\/v2\/users\/1"}],"replies":[{"embeddable":true,"href":"https:\/\/avoorg.com\/en\/wp-json\/wp\/v2\/comments?post=359"}],"version-history":[{"count":10,"href":"https:\/\/avoorg.com\/en\/wp-json\/wp\/v2\/pages\/359\/revisions"}],"predecessor-version":[{"id":498,"href":"https:\/\/avoorg.com\/en\/wp-json\/wp\/v2\/pages\/359\/revisions\/498"}],"wp:attachment":[{"href":"https:\/\/avoorg.com\/en\/wp-json\/wp\/v2\/media?parent=359"}],"curies":[{"name":"wp","href":"https:\/\/api.w.org\/{rel}","templated":true}]}}